{"id":3936,"date":"2017-06-05T02:31:21","date_gmt":"2017-06-05T02:31:21","guid":{"rendered":"http:\/\/antive.famithemes.com\/?page_id=3936"},"modified":"2017-06-05T02:31:21","modified_gmt":"2017-06-05T02:31:21","slug":"hakkimizda","status":"publish","type":"page","link":"https:\/\/otheroriginals.com\/index.php\/hakkimizda\/","title":{"rendered":"Hakk\u0131m\u0131zda"},"content":{"rendered":"<div data-vc-full-width=\"true\" data-vc-full-width-init=\"false\" data-vc-stretch-content=\"true\" class=\"vc_row wpb_row vc_row-fluid responsive_js_composer_custom_css_1546536634\"><div class=\"wpb_column vc_column_container vc_col-sm-12 vc_col-lg-12 vc_col-md-12 responsive_js_composer_custom_css_1196275864\"><div class=\"vc_column-inner vc_custom_1612956254406\"><div class=\"wpb_wrapper\"><div class=\"vc_row wpb_row vc_inner vc_row-fluid\"><div class=\"wpb_column vc_column_container vc_col-sm-3\"><div class=\"vc_column-inner\"><div class=\"wpb_wrapper\"><\/div><\/div><\/div><div class=\"wpb_column vc_column_container vc_col-sm-6\"><div class=\"vc_column-inner\"><div class=\"wpb_wrapper\">\r\n\t<div  class=\"wpb_single_image wpb_content_element vc_align_center  responsive_js_composer_custom_css_551460370\">\r\n\t\t\r\n\t\t<figure class=\"wpb_wrapper vc_figure\">\r\n\t\t\t<div class=\"vc_single_image-wrapper   vc_box_border_grey  \"><img class=\"vc_single_image-img  attachment-medium\" src=\"https:\/\/otheroriginals.com\/wp-content\/uploads\/2021\/02\/fenix-9-300x300.jpg\"  width=\"300\" height=\"300\"  alt=\"Hakk\u0131m\u0131zda\"\/><\/div>\r\n\t\t<\/figure>\r\n\t<\/div>\r\n<\/div><\/div><\/div><div class=\"wpb_column vc_column_container vc_col-sm-3\"><div class=\"vc_column-inner\"><div class=\"wpb_wrapper\"><\/div><\/div><\/div><\/div><\/div><\/div><\/div><\/div><div class=\"vc_row-full-width vc_clearfix\"><\/div><div class=\"vc_row wpb_row vc_row-fluid\"><div class=\"wpb_column vc_column_container vc_col-sm-12\"><div class=\"vc_column-inner\"><div class=\"wpb_wrapper\">                    <div class=\"antive-titlewdesc-wrap text-center style_2 antive_custom_css_2113458631   responsive_js_composer_custom_css_803121288\">\r\n\t                                                                                                            <span class=\"subtitle-with-desc\">Petit a Petit<\/span>\r\n                                                                                        <h3 class=\"title-block\">Pap, m\u00fc\u015fterilerine minimalist ancak bir o kadar da renkli ve e\u011flenceli \u00fcr\u00fcnler sunar. Kad\u0131n \u00e7antalar\u0131 markan\u0131n \u00f6ne \u00e7\u0131kan \u00fcr\u00fcn\u00fcd\u00fcr.<\/h3>\r\n                                                                                                                    <div class=\"short_desc\">Pap, ressam Harika Mente\u015f ve ma\u011fazac\u0131l\u0131k sekt\u00f6r\u00fcn\u00fcn \u00f6nde gelen k\u00f6kl\u00fc yabanc\u0131 markalar\u0131nda g\u00f6rsel ve vitrin tasar\u0131m\u0131 y\u00f6neticisi olarak uzun y\u0131llar \u00e7al\u0131\u015fm\u0131\u015f Merve Mente\u015f taraf\u0131ndan 2014 y\u0131l\u0131nda \u0130stanbul\u2019da kuruldu. Bir Slow design markas\u0131 olan Pap, zero waste gayesiyle \u00fcretiyor, kulland\u0131\u011f\u0131 materyallerle geri d\u00f6n\u00fc\u015f\u00fcme \u00f6nem veriyor.  Minimal \u00e7izgiler, al\u0131\u015f\u0131lmad\u0131k formlar ve \u00f6zg\u00fcn renkler tasar\u0131mlar\u0131nda olmazsa olmazlar\u0131.<br \/>\nKoleksiyonlar\u0131nda rahatl\u0131\u011f\u0131 ve \u015f\u0131kl\u0131\u011f\u0131 \u00f6n planda tutarak kendi marka \u00e7izgisinde \u00e7antalar\u0131n\u0131 sunuyor.<\/div>\r\n                                                                                                    <\/div>\r\n\r\n                <\/div><\/div><\/div><\/div>\n","protected":false},"excerpt":{"rendered":"Petit a Petit Pap, m\u00fc\u015fterilerine minimalist ancak bir o kadar da renkli ve e\u011flenceli \u00fcr\u00fcnler sunar. Kad\u0131n \u00e7antalar\u0131 markan\u0131n \u00f6ne \u00e7\u0131kan \u00fcr\u00fcn\u00fcd\u00fcr. Pap, ressam Harika Mente\u015f ve ma\u011fazac\u0131l\u0131k sekt\u00f6r\u00fcn\u00fcn \u00f6nde gelen k\u00f6kl\u00fc yabanc\u0131 markalar\u0131nda g\u00f6rsel ve vitrin tasar\u0131m\u0131 y\u00f6neticisi olarak uzun y\u0131llar \u00e7al\u0131\u015fm\u0131\u015f Merve Mente\u015f taraf\u0131ndan 2014 y\u0131l\u0131nda \u0130stanbul\u2019da kuruldu. Bir Slow design markas\u0131 olan [...]","protected":false},"author":1,"featured_media":0,"parent":0,"menu_order":0,"comment_status":"closed","ping_status":"closed","template":"","meta":{"om_disable_all_campaigns":false,"_mi_skip_tracking":false,"_monsterinsights_sitenote_active":false,"_monsterinsights_sitenote_note":"","_monsterinsights_sitenote_category":0},"aioseo_notices":[],"_links":{"self":[{"href":"https:\/\/otheroriginals.com\/index.php\/wp-json\/wp\/v2\/pages\/3936"}],"collection":[{"href":"https:\/\/otheroriginals.com\/index.php\/wp-json\/wp\/v2\/pages"}],"about":[{"href":"https:\/\/otheroriginals.com\/index.php\/wp-json\/wp\/v2\/types\/page"}],"author":[{"embeddable":true,"href":"https:\/\/otheroriginals.com\/index.php\/wp-json\/wp\/v2\/users\/1"}],"replies":[{"embeddable":true,"href":"https:\/\/otheroriginals.com\/index.php\/wp-json\/wp\/v2\/comments?post=3936"}],"version-history":[{"count":0,"href":"https:\/\/otheroriginals.com\/index.php\/wp-json\/wp\/v2\/pages\/3936\/revisions"}],"wp:attachment":[{"href":"https:\/\/otheroriginals.com\/index.php\/wp-json\/wp\/v2\/media?parent=3936"}],"curies":[{"name":"wp","href":"https:\/\/api.w.org\/{rel}","templated":true}]}}