{"id":4001,"date":"2017-06-05T09:14:51","date_gmt":"2017-06-05T09:14:51","guid":{"rendered":"http:\/\/antive.famithemes.com\/?page_id=4001"},"modified":"2017-06-05T09:14:51","modified_gmt":"2017-06-05T09:14:51","slug":"iletisim","status":"publish","type":"page","link":"https:\/\/otheroriginals.com\/index.php\/iletisim\/","title":{"rendered":"\u0130leti\u015fim"},"content":{"rendered":"<div class=\"vc_row wpb_row vc_row-fluid vc_custom_1496654819881\"><div class=\"wpb_column vc_column_container vc_col-sm-4\"><div class=\"vc_column-inner\"><div class=\"wpb_wrapper\">            <div class=\"antive-title-wrap text-left has-line   vc_custom_1613715566534 responsive_js_composer_custom_css_851265667\">\r\n                <h3 style=\"color: #000000;font-size: 24px;\" class=\"antive-title no-link\">Adres ve \u0130leti\u015fim <\/h3>            <\/div>\r\n            \n\t<div class=\"wpb_raw_code wpb_content_element wpb_raw_html responsive_js_composer_custom_css_1092434748\" >\n\t\t<div class=\"wpb_wrapper\">\n\t\t\t<div class=\"short-desc\" style=\"line-height:24px;color: #a4a4a4;\">Pap Hediyelik E\u015fya Toptan Ticareti ve Gayrimenkul Dan\u0131\u015fmanl\u0131k <br \/>Harika Mente\u015f<br \/>\nYukar\u0131 mah. Belediye caddesi Ye\u011feno\u011flu \u0130\u015fhan\u0131<br \/> No:2\/14 Kartal\/\u0130stanbul<br \/><br \/>\n<a href=\"mailto:info@petitapetit.co\">info@petitapetit.co<\/a> <br \/>\n<a href=\"tel:+90 533 370 74 14\">+90 (533) 370 74 14<\/a>\n<\/div>\n\t\t<\/div>\n\t<\/div>\n\n\t<div class=\"wpb_text_column wpb_content_element  responsive_js_composer_custom_css_1264791498\" >\n\t\t<div class=\"wpb_wrapper\">\n\t\t\t<p style=\"text-align: left;\">Toptan sat\u0131n al\u0131m ve i\u015f birlikteli\u011fi i\u00e7in<br \/>\n<a href=\"mailto:hello@petitapetit.co\">hello@petitapetit.co<\/a>\u00a0 adresinden bize ula\u015fabilirsiniz.<\/p>\n\n\t\t<\/div>\n\t<\/div>\n<\/div><\/div><\/div><div class=\"wpb_column vc_column_container vc_col-sm-4\"><div class=\"vc_column-inner\"><div class=\"wpb_wrapper\">            <div class=\"antive-title-wrap text-left has-line   vc_custom_1613906399905 responsive_js_composer_custom_css_1729829678\">\r\n                <h3 style=\"color: #000000;font-size: 24px;\" class=\"antive-title no-link\">Stockist Ma\u011fazalar <\/h3>            <\/div>\r\n            \n\t<div class=\"wpb_raw_code wpb_content_element wpb_raw_html responsive_js_composer_custom_css_558389933\" >\n\t\t<div class=\"wpb_wrapper\">\n\t\t\t<div class=\"short-desc\" style=\"line-height:24px;color: #a4a4a4;\">\n\u0130stif Design Store \/ Kad\u0131k\u00f6y \u0130STANBUL<br \/>\nMaezae \/ Karak\u00f6y \u0130STANBUL<br \/>\nBegart \/ Bebek \u0130STANBUL<br \/>\nBegart \/ Galata \u0130STANBUL<br \/>\nBegart \/ Ni\u015fanta\u015f\u0131 \u0130STANBUL<br \/>\nThe Sky \/ Ni\u015fanta\u015f\u0131 \u0130STANBUL<br \/>\nAlazata Designer Store \/ \u00c7e\u015fme \u0130ZM\u0130R<br \/>\nEmna Studio Concept Store \/ Fethiye MU\u011eLA<br \/>\n<\/div>\n\t\t<\/div>\n\t<\/div>\n<\/div><\/div><\/div><div class=\"wpb_column vc_column_container vc_col-sm-4\"><div class=\"vc_column-inner\"><div class=\"wpb_wrapper\">            <div class=\"antive-title-wrap text-left has-line   vc_custom_1613906406340 responsive_js_composer_custom_css_364988109\">\r\n                <h3 style=\"color: #000000;font-size: 24px;\" class=\"antive-title no-link\">Stockist Online <\/h3>            <\/div>\r\n            \n\t<div class=\"wpb_raw_code wpb_content_element wpb_raw_html responsive_js_composer_custom_css_2073179006\" >\n\t\t<div class=\"wpb_wrapper\">\n\t\t\t<div class=\"short-desc\" style=\"line-height:24px;color: #a4a4a4;\">Trendyol\/ Online<br \/>\nMiamano\/ Online<br \/>\nShopsa\/ Online<br \/>\nQuqla\/ Online<br \/>\nNowshopfun\/ Online<br \/>\n<\/div>\n\t\t<\/div>\n\t<\/div>\n<\/div><\/div><\/div><\/div><div class=\"vc_row wpb_row vc_row-fluid vc_custom_1496657712846\"><div class=\"wpb_column vc_column_container vc_col-sm-12 vc_col-lg-12 vc_col-md-12 responsive_js_composer_custom_css_1558291718\"><div class=\"vc_column-inner\"><div class=\"wpb_wrapper\"><div role=\"form\" class=\"wpcf7\" id=\"wpcf7-f6772-o1\" lang=\"tr-TR\" dir=\"ltr\">\n<div class=\"screen-reader-response\"><p role=\"status\" aria-live=\"polite\" aria-atomic=\"true\"><\/p> <ul><\/ul><\/div>\n<form action=\"\/index.php\/wp-json\/wp\/v2\/pages\/4001#wpcf7-f6772-o1\" method=\"post\" class=\"wpcf7-form init\" novalidate=\"novalidate\" data-status=\"init\">\n<div style=\"display: none;\">\n<input type=\"hidden\" name=\"_wpcf7\" value=\"6772\" \/>\n<input type=\"hidden\" name=\"_wpcf7_version\" value=\"5.5.3\" \/>\n<input type=\"hidden\" name=\"_wpcf7_locale\" value=\"tr_TR\" \/>\n<input type=\"hidden\" name=\"_wpcf7_unit_tag\" value=\"wpcf7-f6772-o1\" \/>\n<input type=\"hidden\" name=\"_wpcf7_container_post\" value=\"0\" \/>\n<input type=\"hidden\" name=\"_wpcf7_posted_data_hash\" value=\"\" \/>\n<\/div>\n<div class=\"row\">\n<div class=\"col-sm-6\">\n<label> Ad *<br \/>\n    <span class=\"wpcf7-form-control-wrap your-name\"><input type=\"text\" name=\"your-name\" value=\"\" size=\"40\" class=\"wpcf7-form-control wpcf7-text wpcf7-validates-as-required\" aria-required=\"true\" aria-invalid=\"false\" \/><\/span> <\/label>\n<\/div>\n<div class=\"col-sm-6\">\n<label> Email *<br \/>\n    <span class=\"wpcf7-form-control-wrap your-email\"><input type=\"email\" name=\"your-email\" value=\"\" size=\"40\" class=\"wpcf7-form-control wpcf7-text wpcf7-email wpcf7-validates-as-required wpcf7-validates-as-email\" aria-required=\"true\" aria-invalid=\"false\" \/><\/span> <\/label>\n<\/div>\n<div class=\"col-sm-12\">\n<label class=\"center\"> Mesaj<br \/>\n    <span class=\"wpcf7-form-control-wrap your-message\"><textarea name=\"your-message\" cols=\"40\" rows=\"10\" class=\"wpcf7-form-control wpcf7-textarea\" aria-invalid=\"false\"><\/textarea><\/span> <\/label>\n<\/div>\n<div class=\"col-sm-12\">\n<div class=\"wpcf7-btnsubmit text-center\">\n<input type=\"submit\" value=\"G\u00f6nder\" class=\"wpcf7-form-control has-spinner wpcf7-submit\" \/>\n<\/div>\n<\/div>\n<\/div>\n<div class=\"wpcf7-response-output\" aria-hidden=\"true\"><\/div><\/form><\/div><\/div><\/div><\/div><\/div>\n","protected":false},"excerpt":{"rendered":"Adres ve \u0130leti\u015fim Pap Hediyelik E\u015fya Toptan Ticareti ve Gayrimenkul Dan\u0131\u015fmanl\u0131k Harika Mente\u015f Yukar\u0131 mah. Belediye caddesi Ye\u011feno\u011flu \u0130\u015fhan\u0131 No:2\/14 Kartal\/\u0130stanbul info@petitapetit.co +90 (533) 370 74 14 Toptan sat\u0131n al\u0131m ve i\u015f birlikteli\u011fi i\u00e7in hello@petitapetit.co\u00a0 adresinden bize ula\u015fabilirsiniz. Stockist Ma\u011fazalar \u0130stif Design Store \/ Kad\u0131k\u00f6y \u0130STANBUL Maezae \/ Karak\u00f6y \u0130STANBUL Begart \/ Bebek \u0130STANBUL Begart [...]","protected":false},"author":1,"featured_media":0,"parent":0,"menu_order":0,"comment_status":"closed","ping_status":"closed","template":"","meta":{"om_disable_all_campaigns":false,"_mi_skip_tracking":false,"_monsterinsights_sitenote_active":false,"_monsterinsights_sitenote_note":"","_monsterinsights_sitenote_category":0},"aioseo_notices":[],"_links":{"self":[{"href":"https:\/\/otheroriginals.com\/index.php\/wp-json\/wp\/v2\/pages\/4001"}],"collection":[{"href":"https:\/\/otheroriginals.com\/index.php\/wp-json\/wp\/v2\/pages"}],"about":[{"href":"https:\/\/otheroriginals.com\/index.php\/wp-json\/wp\/v2\/types\/page"}],"author":[{"embeddable":true,"href":"https:\/\/otheroriginals.com\/index.php\/wp-json\/wp\/v2\/users\/1"}],"replies":[{"embeddable":true,"href":"https:\/\/otheroriginals.com\/index.php\/wp-json\/wp\/v2\/comments?post=4001"}],"version-history":[{"count":0,"href":"https:\/\/otheroriginals.com\/index.php\/wp-json\/wp\/v2\/pages\/4001\/revisions"}],"wp:attachment":[{"href":"https:\/\/otheroriginals.com\/index.php\/wp-json\/wp\/v2\/media?parent=4001"}],"curies":[{"name":"wp","href":"https:\/\/api.w.org\/{rel}","templated":true}]}}