{"id":6536,"date":"2021-02-09T08:36:39","date_gmt":"2021-02-09T08:36:39","guid":{"rendered":"https:\/\/petitapetit.co\/?post_type=product&amp;p=6536"},"modified":"2021-02-09T08:36:39","modified_gmt":"2021-02-09T08:36:39","slug":"pap-shopper-canta-vizon-yesil","status":"publish","type":"product","link":"https:\/\/otheroriginals.com\/index.php\/product\/pap-shopper-canta-vizon-yesil\/","title":{"rendered":"P\u00e0p Shopper \u00c7anta (Nefti Ye\u015fil)"},"content":{"rendered":"","protected":false},"excerpt":{"rendered":"<p>G\u00fcnl\u00fck kullan\u0131mda i\u00e7ine bir \u00e7ok e\u015fyan\u0131z\u0131 s\u0131\u011fd\u0131rabilece\u011finiz yeni modelimiz shopper \u00e7antam\u0131z el yap\u0131m\u0131d\u0131r. Yumu\u015fak Vegan deriden \u00fcretilmi\u015ftir. Hem omuz \u00e7antas\u0131 olarak hem de elde ta\u015f\u0131nabilme \u00f6zelli\u011fi mevcuttur.<\/p>\n<p>En: 28 cm<br \/>\nBoy: 45 cm<\/p>\n","protected":false},"featured_media":7254,"comment_status":"closed","ping_status":"closed","template":"","meta":{"om_disable_all_campaigns":false,"_mi_skip_tracking":false,"_monsterinsights_sitenote_active":false,"_monsterinsights_sitenote_note":"","_monsterinsights_sitenote_category":0},"product_cat":[52],"product_tag":[22,26,48,51,53,54,55,57],"aioseo_notices":[],"_links":{"self":[{"href":"https:\/\/otheroriginals.com\/index.php\/wp-json\/wp\/v2\/product\/6536"}],"collection":[{"href":"https:\/\/otheroriginals.com\/index.php\/wp-json\/wp\/v2\/product"}],"about":[{"href":"https:\/\/otheroriginals.com\/index.php\/wp-json\/wp\/v2\/types\/product"}],"replies":[{"embeddable":true,"href":"https:\/\/otheroriginals.com\/index.php\/wp-json\/wp\/v2\/comments?post=6536"}],"wp:featuredmedia":[{"embeddable":true,"href":"https:\/\/otheroriginals.com\/index.php\/wp-json\/wp\/v2\/media\/7254"}],"wp:attachment":[{"href":"https:\/\/otheroriginals.com\/index.php\/wp-json\/wp\/v2\/media?parent=6536"}],"wp:term":[{"taxonomy":"product_cat","embeddable":true,"href":"https:\/\/otheroriginals.com\/index.php\/wp-json\/wp\/v2\/product_cat?post=6536"},{"taxonomy":"product_tag","embeddable":true,"href":"https:\/\/otheroriginals.com\/index.php\/wp-json\/wp\/v2\/product_tag?post=6536"}],"curies":[{"name":"wp","href":"https:\/\/api.w.org\/{rel}","templated":true}]}}