{"id":6537,"date":"2021-02-09T08:37:11","date_gmt":"2021-02-09T08:37:11","guid":{"rendered":"https:\/\/petitapetit.co\/?post_type=product&amp;p=6537"},"modified":"2021-02-09T08:37:11","modified_gmt":"2021-02-09T08:37:11","slug":"pap-shopper-canta-siyah","status":"publish","type":"product","link":"https:\/\/otheroriginals.com\/index.php\/product\/pap-shopper-canta-siyah\/","title":{"rendered":"P\u00e0p Shopper \u00c7anta (Siyah)"},"content":{"rendered":"","protected":false},"excerpt":{"rendered":"<p>G\u00fcnl\u00fck kullan\u0131mda i\u00e7ine bir \u00e7ok e\u015fyan\u0131z\u0131 s\u0131\u011fd\u0131rabilece\u011finiz yeni modelimiz shopper \u00e7antam\u0131z el yap\u0131m\u0131d\u0131r. Yumu\u015fak Vegan deriden \u00fcretilmi\u015ftir. Hem omuz \u00e7antas\u0131 olarak hem de elde ta\u015f\u0131nabilme \u00f6zelli\u011fi mevcuttur.<\/p>\n<p>En: 28 cm<br \/>\nBoy: 45 cm<\/p>\n","protected":false},"featured_media":6916,"comment_status":"closed","ping_status":"closed","template":"","meta":{"om_disable_all_campaigns":false,"_mi_skip_tracking":false,"_monsterinsights_sitenote_active":false,"_monsterinsights_sitenote_note":"","_monsterinsights_sitenote_category":0},"product_cat":[52],"product_tag":[],"aioseo_notices":[],"_links":{"self":[{"href":"https:\/\/otheroriginals.com\/index.php\/wp-json\/wp\/v2\/product\/6537"}],"collection":[{"href":"https:\/\/otheroriginals.com\/index.php\/wp-json\/wp\/v2\/product"}],"about":[{"href":"https:\/\/otheroriginals.com\/index.php\/wp-json\/wp\/v2\/types\/product"}],"replies":[{"embeddable":true,"href":"https:\/\/otheroriginals.com\/index.php\/wp-json\/wp\/v2\/comments?post=6537"}],"wp:featuredmedia":[{"embeddable":true,"href":"https:\/\/otheroriginals.com\/index.php\/wp-json\/wp\/v2\/media\/6916"}],"wp:attachment":[{"href":"https:\/\/otheroriginals.com\/index.php\/wp-json\/wp\/v2\/media?parent=6537"}],"wp:term":[{"taxonomy":"product_cat","embeddable":true,"href":"https:\/\/otheroriginals.com\/index.php\/wp-json\/wp\/v2\/product_cat?post=6537"},{"taxonomy":"product_tag","embeddable":true,"href":"https:\/\/otheroriginals.com\/index.php\/wp-json\/wp\/v2\/product_tag?post=6537"}],"curies":[{"name":"wp","href":"https:\/\/api.w.org\/{rel}","templated":true}]}}