{"id":6540,"date":"2021-02-09T08:38:22","date_gmt":"2021-02-09T08:38:22","guid":{"rendered":"https:\/\/petitapetit.co\/?post_type=product&amp;p=6540"},"modified":"2021-02-09T08:38:22","modified_gmt":"2021-02-09T08:38:22","slug":"monami-canta-taba","status":"publish","type":"product","link":"https:\/\/otheroriginals.com\/index.php\/product\/monami-canta-taba\/","title":{"rendered":"Monami \u00c7anta (Gri-Taba)"},"content":{"rendered":"","protected":false},"excerpt":{"rendered":"<p>Ana G\u00f6vde: Vegan Deri<\/p>\n<p>B\u00fczg\u00fcl\u00fc A\u011f\u0131z Kapak: Yumu\u015fak Vegan Deri<\/p>\n<p>Sap: Koton-polyester kar\u0131\u015f\u0131ml\u0131 dayan\u0131kl\u0131 kordon ip olup uzunlu\u011fu\u00a0130 cm\u2019dir<\/p>\n<p>Not: Uzay\u0131p k\u0131salt\u0131labilir.<\/p>\n<p>En: 30 cm<\/p>\n<p>Boy: 17 cm<\/p>\n<p>Derinlik: 11\u00a0cm<\/p>\n<p>Sap: 130 cm<\/p>\n","protected":false},"featured_media":7224,"comment_status":"closed","ping_status":"closed","template":"","meta":{"om_disable_all_campaigns":false,"_mi_skip_tracking":false,"_monsterinsights_sitenote_active":false,"_monsterinsights_sitenote_note":"","_monsterinsights_sitenote_category":0},"product_cat":[42,43],"product_tag":[],"aioseo_notices":[],"_links":{"self":[{"href":"https:\/\/otheroriginals.com\/index.php\/wp-json\/wp\/v2\/product\/6540"}],"collection":[{"href":"https:\/\/otheroriginals.com\/index.php\/wp-json\/wp\/v2\/product"}],"about":[{"href":"https:\/\/otheroriginals.com\/index.php\/wp-json\/wp\/v2\/types\/product"}],"replies":[{"embeddable":true,"href":"https:\/\/otheroriginals.com\/index.php\/wp-json\/wp\/v2\/comments?post=6540"}],"wp:featuredmedia":[{"embeddable":true,"href":"https:\/\/otheroriginals.com\/index.php\/wp-json\/wp\/v2\/media\/7224"}],"wp:attachment":[{"href":"https:\/\/otheroriginals.com\/index.php\/wp-json\/wp\/v2\/media?parent=6540"}],"wp:term":[{"taxonomy":"product_cat","embeddable":true,"href":"https:\/\/otheroriginals.com\/index.php\/wp-json\/wp\/v2\/product_cat?post=6540"},{"taxonomy":"product_tag","embeddable":true,"href":"https:\/\/otheroriginals.com\/index.php\/wp-json\/wp\/v2\/product_tag?post=6540"}],"curies":[{"name":"wp","href":"https:\/\/api.w.org\/{rel}","templated":true}]}}