{"id":6599,"date":"2021-02-10T09:48:02","date_gmt":"2021-02-10T09:48:02","guid":{"rendered":"https:\/\/petitapetit.co\/?post_type=product&amp;p=6599"},"modified":"2021-02-10T09:48:02","modified_gmt":"2021-02-10T09:48:02","slug":"big-wes-fenix-canta-bordo","status":"publish","type":"product","link":"https:\/\/otheroriginals.com\/index.php\/product\/big-wes-fenix-canta-bordo\/","title":{"rendered":"Big Wes Fenix \u00e7anta (Bordo)"},"content":{"rendered":"","protected":false},"excerpt":{"rendered":"<p>Big Wes Fenix \u00e7antalar\u0131m\u0131z tamamiyle el yap\u0131m\u0131d\u0131r. Yumu\u015fak vegan deridir,<\/p>\n<p>Geni\u015flik: 24 cm<br \/>\nDerinli\u011fi: 25 cm<br \/>\nSap Uzunlu\u011fu: 85 cm<\/p>\n<p>Stoklarla s\u0131n\u0131rl\u0131d\u0131r. \u00a0Styling \u00f6nerileri ve duyurular\u0131m\u0131z i\u00e7in ; @pap.petitapetit instagram adresimizden bizi takip edebilirsiniz.<\/p>\n","protected":false},"featured_media":6886,"comment_status":"closed","ping_status":"closed","template":"","meta":{"om_disable_all_campaigns":false,"_mi_skip_tracking":false,"_monsterinsights_sitenote_active":false,"_monsterinsights_sitenote_note":"","_monsterinsights_sitenote_category":0},"product_cat":[21],"product_tag":[],"aioseo_notices":[],"_links":{"self":[{"href":"https:\/\/otheroriginals.com\/index.php\/wp-json\/wp\/v2\/product\/6599"}],"collection":[{"href":"https:\/\/otheroriginals.com\/index.php\/wp-json\/wp\/v2\/product"}],"about":[{"href":"https:\/\/otheroriginals.com\/index.php\/wp-json\/wp\/v2\/types\/product"}],"replies":[{"embeddable":true,"href":"https:\/\/otheroriginals.com\/index.php\/wp-json\/wp\/v2\/comments?post=6599"}],"wp:featuredmedia":[{"embeddable":true,"href":"https:\/\/otheroriginals.com\/index.php\/wp-json\/wp\/v2\/media\/6886"}],"wp:attachment":[{"href":"https:\/\/otheroriginals.com\/index.php\/wp-json\/wp\/v2\/media?parent=6599"}],"wp:term":[{"taxonomy":"product_cat","embeddable":true,"href":"https:\/\/otheroriginals.com\/index.php\/wp-json\/wp\/v2\/product_cat?post=6599"},{"taxonomy":"product_tag","embeddable":true,"href":"https:\/\/otheroriginals.com\/index.php\/wp-json\/wp\/v2\/product_tag?post=6599"}],"curies":[{"name":"wp","href":"https:\/\/api.w.org\/{rel}","templated":true}]}}