{"id":6608,"date":"2021-02-10T09:52:14","date_gmt":"2021-02-10T09:52:14","guid":{"rendered":"https:\/\/petitapetit.co\/?post_type=product&amp;p=6608"},"modified":"2021-02-10T09:52:14","modified_gmt":"2021-02-10T09:52:14","slug":"fenix-canta-siyah","status":"publish","type":"product","link":"https:\/\/otheroriginals.com\/index.php\/product\/fenix-canta-siyah\/","title":{"rendered":"Fenix \u00c7anta (Siyah)"},"content":{"rendered":"","protected":false},"excerpt":{"rendered":"<p>\u00c7antalar\u0131m\u0131z tamam\u0131yle el yap\u0131m\u0131d\u0131r. Yumu\u015fak vegan deridir, Taban \u00e7ap\u0131 15 cm&#8217;dir, derinli\u011fi ise 25 cm&#8217;dir.\u00a0 Stoklarla s\u0131n\u0131rl\u0131d\u0131r. \u00a0Styling \u00f6nerileri ve duyurular\u0131m\u0131z i\u00e7in ; @pap.petitapetit instagram adresimizden bizi takip edebilirsiniz.<\/p>\n","protected":false},"featured_media":6896,"comment_status":"closed","ping_status":"closed","template":"","meta":{"om_disable_all_campaigns":false,"_mi_skip_tracking":false,"_monsterinsights_sitenote_active":false,"_monsterinsights_sitenote_note":"","_monsterinsights_sitenote_category":0},"product_cat":[24],"product_tag":[],"aioseo_notices":[],"_links":{"self":[{"href":"https:\/\/otheroriginals.com\/index.php\/wp-json\/wp\/v2\/product\/6608"}],"collection":[{"href":"https:\/\/otheroriginals.com\/index.php\/wp-json\/wp\/v2\/product"}],"about":[{"href":"https:\/\/otheroriginals.com\/index.php\/wp-json\/wp\/v2\/types\/product"}],"replies":[{"embeddable":true,"href":"https:\/\/otheroriginals.com\/index.php\/wp-json\/wp\/v2\/comments?post=6608"}],"wp:featuredmedia":[{"embeddable":true,"href":"https:\/\/otheroriginals.com\/index.php\/wp-json\/wp\/v2\/media\/6896"}],"wp:attachment":[{"href":"https:\/\/otheroriginals.com\/index.php\/wp-json\/wp\/v2\/media?parent=6608"}],"wp:term":[{"taxonomy":"product_cat","embeddable":true,"href":"https:\/\/otheroriginals.com\/index.php\/wp-json\/wp\/v2\/product_cat?post=6608"},{"taxonomy":"product_tag","embeddable":true,"href":"https:\/\/otheroriginals.com\/index.php\/wp-json\/wp\/v2\/product_tag?post=6608"}],"curies":[{"name":"wp","href":"https:\/\/api.w.org\/{rel}","templated":true}]}}