{"id":6986,"date":"2021-06-02T18:55:22","date_gmt":"2021-06-02T18:55:22","guid":{"rendered":"https:\/\/petitapetit.co\/?post_type=product&amp;p=6986"},"modified":"2021-06-02T18:55:22","modified_gmt":"2021-06-02T18:55:22","slug":"petit-fellas-vizon-yesil","status":"publish","type":"product","link":"https:\/\/otheroriginals.com\/index.php\/product\/petit-fellas-vizon-yesil\/","title":{"rendered":"Petit Fellas (Vizon Ye\u015fil)"},"content":{"rendered":"","protected":false},"excerpt":{"rendered":"<p>Ayarlanabilir Kordon sap\u0131 ile hem omuz \u00e7antas\u0131 hem de bel \u00e7antas\u0131 olarak kullanabilen Petit Fellas \u00e7antalar\u0131m\u0131z yumu\u015fak vegan deriden \u00fcretilmi\u015ftir. Stoklarla S\u0131n\u0131rl\u0131d\u0131r.<\/p>\n<p>Not: A\u011f\u0131z k\u0131sm\u0131 iki kere k\u0131vr\u0131larak kapat\u0131lmaktad\u0131r. Ekstra bilgi i\u00e7in bize websitemizde bulunan email adresinden ya da instagram \u00fczerinden ula\u015fabilirsiniz.<\/p>\n<p>Ana g\u00f6vde: Yumu\u015fak Vegan Deri<\/p>\n<p>Astar: Yumu\u015fak Kadife<\/p>\n<p>Sap: Polyester \u00d6rme Kordon<\/p>\n<p>\u00d6l\u00e7\u00fcler;<\/p>\n<p>En:20 cm<\/p>\n<p>Boy:31 cm<\/p>\n<p>Sap uzunlu\u011fu: 75 cm<\/p>\n","protected":false},"featured_media":6997,"comment_status":"closed","ping_status":"closed","template":"","meta":{"om_disable_all_campaigns":false,"_mi_skip_tracking":false,"_monsterinsights_sitenote_active":false,"_monsterinsights_sitenote_note":"","_monsterinsights_sitenote_category":0},"product_cat":[50],"product_tag":[22,27,28,31,34,56],"aioseo_notices":[],"_links":{"self":[{"href":"https:\/\/otheroriginals.com\/index.php\/wp-json\/wp\/v2\/product\/6986"}],"collection":[{"href":"https:\/\/otheroriginals.com\/index.php\/wp-json\/wp\/v2\/product"}],"about":[{"href":"https:\/\/otheroriginals.com\/index.php\/wp-json\/wp\/v2\/types\/product"}],"replies":[{"embeddable":true,"href":"https:\/\/otheroriginals.com\/index.php\/wp-json\/wp\/v2\/comments?post=6986"}],"wp:featuredmedia":[{"embeddable":true,"href":"https:\/\/otheroriginals.com\/index.php\/wp-json\/wp\/v2\/media\/6997"}],"wp:attachment":[{"href":"https:\/\/otheroriginals.com\/index.php\/wp-json\/wp\/v2\/media?parent=6986"}],"wp:term":[{"taxonomy":"product_cat","embeddable":true,"href":"https:\/\/otheroriginals.com\/index.php\/wp-json\/wp\/v2\/product_cat?post=6986"},{"taxonomy":"product_tag","embeddable":true,"href":"https:\/\/otheroriginals.com\/index.php\/wp-json\/wp\/v2\/product_tag?post=6986"}],"curies":[{"name":"wp","href":"https:\/\/api.w.org\/{rel}","templated":true}]}}