{"id":7032,"date":"2021-06-02T20:37:50","date_gmt":"2021-06-02T20:37:50","guid":{"rendered":"https:\/\/petitapetit.co\/?post_type=product&amp;p=7032"},"modified":"2021-06-02T20:37:50","modified_gmt":"2021-06-02T20:37:50","slug":"everyday-portfoy-canta-taba","status":"publish","type":"product","link":"https:\/\/otheroriginals.com\/index.php\/product\/everyday-portfoy-canta-taba\/","title":{"rendered":"Everyday Portf\u00f6y \u00c7anta (Taba)"},"content":{"rendered":"","protected":false},"excerpt":{"rendered":"<p>Everyday portf\u00f6y \u00e7antam\u0131za c\u00fczdan, telefon, anahtar ve ekstra g\u00fcnl\u00fck e\u015fyalar\u0131n\u0131z\u0131 kolayca s\u0131\u011fd\u0131rabilirsiniz.<\/p>\n<p>Klasik bir portf\u00f6y \u00e7anta olmas\u0131n\u0131n yan\u0131 s\u0131ra modern bir g\u00f6r\u00fcn\u00fcm i\u00e7in ekstra sap ekledik.<\/p>\n<p><strong>Materyaller<\/strong><\/p>\n<p>Ana g\u00f6vde: Vegan Deri<\/p>\n<p>Astar: Koton Kuma\u015f<\/p>\n<p>Sap: Polyester \u00d6rme Kordon<\/p>\n<p><strong>\u00d6l\u00e7\u00fcler<\/strong><\/p>\n<p>En: 21 cm<\/p>\n<p>Boy: 31 cm<\/p>\n<p>&nbsp;<\/p>\n<p>&nbsp;<\/p>\n","protected":false},"featured_media":7071,"comment_status":"closed","ping_status":"closed","template":"","meta":{"om_disable_all_campaigns":false,"_mi_skip_tracking":false,"_monsterinsights_sitenote_active":false,"_monsterinsights_sitenote_note":"","_monsterinsights_sitenote_category":0},"product_cat":[23],"product_tag":[22,28,29,33,56],"aioseo_notices":[],"_links":{"self":[{"href":"https:\/\/otheroriginals.com\/index.php\/wp-json\/wp\/v2\/product\/7032"}],"collection":[{"href":"https:\/\/otheroriginals.com\/index.php\/wp-json\/wp\/v2\/product"}],"about":[{"href":"https:\/\/otheroriginals.com\/index.php\/wp-json\/wp\/v2\/types\/product"}],"replies":[{"embeddable":true,"href":"https:\/\/otheroriginals.com\/index.php\/wp-json\/wp\/v2\/comments?post=7032"}],"wp:featuredmedia":[{"embeddable":true,"href":"https:\/\/otheroriginals.com\/index.php\/wp-json\/wp\/v2\/media\/7071"}],"wp:attachment":[{"href":"https:\/\/otheroriginals.com\/index.php\/wp-json\/wp\/v2\/media?parent=7032"}],"wp:term":[{"taxonomy":"product_cat","embeddable":true,"href":"https:\/\/otheroriginals.com\/index.php\/wp-json\/wp\/v2\/product_cat?post=7032"},{"taxonomy":"product_tag","embeddable":true,"href":"https:\/\/otheroriginals.com\/index.php\/wp-json\/wp\/v2\/product_tag?post=7032"}],"curies":[{"name":"wp","href":"https:\/\/api.w.org\/{rel}","templated":true}]}}