{"id":7127,"date":"2021-06-03T18:06:00","date_gmt":"2021-06-03T18:06:00","guid":{"rendered":"https:\/\/petitapetit.co\/?post_type=product&amp;p=7127"},"modified":"2021-06-03T18:06:00","modified_gmt":"2021-06-03T18:06:00","slug":"naya-orme-canta-turuncu","status":"publish","type":"product","link":"https:\/\/otheroriginals.com\/index.php\/product\/naya-orme-canta-turuncu\/","title":{"rendered":"Naya \u00d6rme \u00c7anta (Turuncu)"},"content":{"rendered":"","protected":false},"excerpt":{"rendered":"<p>Makrame stili el \u00f6rmesi \u00e7antam\u0131z tamamen el i\u015f\u00e7ili\u011fiyle \u00fcretilmi\u015ftir. \u00d6rme vegan deri ipler Naya \u00e7antam\u0131z i\u00e7in\u00a0\u00f6zel olarak \u00fcretildi. Stoklarla s\u0131n\u0131rl\u0131d\u0131r.<\/p>\n<p><strong>Materyal;<\/strong><\/p>\n<p>\u00d6rme ipler: A Kalite soft vegan deri<\/p>\n<p>\u0130\u00e7 portf\u00f6y: A Kalite vegan deri<\/p>\n<p>Sap Detay : Koton ip<\/p>\n<p><strong>\u00d6l\u00e7\u00fcler;<\/strong><\/p>\n<p>En: 29 cm<\/p>\n<p>Boy: 33 cm<\/p>\n<p>Sap Uzunlu\u011fu: 58 cm<\/p>\n","protected":false},"featured_media":7113,"comment_status":"closed","ping_status":"closed","template":"","meta":{"om_disable_all_campaigns":false,"_mi_skip_tracking":false,"_monsterinsights_sitenote_active":false,"_monsterinsights_sitenote_note":"","_monsterinsights_sitenote_category":0},"product_cat":[46],"product_tag":[22,29,30,31,32,35,47,49,56],"aioseo_notices":[],"_links":{"self":[{"href":"https:\/\/otheroriginals.com\/index.php\/wp-json\/wp\/v2\/product\/7127"}],"collection":[{"href":"https:\/\/otheroriginals.com\/index.php\/wp-json\/wp\/v2\/product"}],"about":[{"href":"https:\/\/otheroriginals.com\/index.php\/wp-json\/wp\/v2\/types\/product"}],"replies":[{"embeddable":true,"href":"https:\/\/otheroriginals.com\/index.php\/wp-json\/wp\/v2\/comments?post=7127"}],"wp:featuredmedia":[{"embeddable":true,"href":"https:\/\/otheroriginals.com\/index.php\/wp-json\/wp\/v2\/media\/7113"}],"wp:attachment":[{"href":"https:\/\/otheroriginals.com\/index.php\/wp-json\/wp\/v2\/media?parent=7127"}],"wp:term":[{"taxonomy":"product_cat","embeddable":true,"href":"https:\/\/otheroriginals.com\/index.php\/wp-json\/wp\/v2\/product_cat?post=7127"},{"taxonomy":"product_tag","embeddable":true,"href":"https:\/\/otheroriginals.com\/index.php\/wp-json\/wp\/v2\/product_tag?post=7127"}],"curies":[{"name":"wp","href":"https:\/\/api.w.org\/{rel}","templated":true}]}}