{"id":7142,"date":"2021-06-20T15:24:44","date_gmt":"2021-06-20T15:24:44","guid":{"rendered":"https:\/\/petitapetit.co\/?post_type=product&amp;p=7142"},"modified":"2021-06-20T15:24:44","modified_gmt":"2021-06-20T15:24:44","slug":"monami-canta-acik-sari","status":"publish","type":"product","link":"https:\/\/otheroriginals.com\/index.php\/product\/monami-canta-acik-sari\/","title":{"rendered":"Monami \u00c7anta (A\u00e7\u0131k Sar\u0131)"},"content":{"rendered":"","protected":false},"excerpt":{"rendered":"<p>Ana G\u00f6vde: Vegan Deri<\/p>\n<p>B\u00fczg\u00fcl\u00fc A\u011f\u0131z Kapak: %100 Koton<\/p>\n<p>Sap: Koton-polyester kar\u0131\u015f\u0131ml\u0131 dayan\u0131kl\u0131 kordon ip olup uzunlu\u011fu\u00a0130 cm&#8217;dir<\/p>\n<p>Not: Uzay\u0131p k\u0131salt\u0131labilir.<\/p>\n<p>En: 30 cm<\/p>\n<p>Boy: 17 cm<\/p>\n<p>Derinlik: 11\u00a0cm<\/p>\n<p>Sap: 130 cm<\/p>\n<p>&nbsp;<\/p>\n<p>&nbsp;<\/p>\n<p>&nbsp;<\/p>\n<p>&nbsp;<\/p>\n","protected":false},"featured_media":7143,"comment_status":"closed","ping_status":"closed","template":"","meta":{"om_disable_all_campaigns":false,"_mi_skip_tracking":false,"_monsterinsights_sitenote_active":false,"_monsterinsights_sitenote_note":"","_monsterinsights_sitenote_category":0},"product_cat":[42,44],"product_tag":[25,29,31,34,35,45,49,56],"aioseo_notices":[],"_links":{"self":[{"href":"https:\/\/otheroriginals.com\/index.php\/wp-json\/wp\/v2\/product\/7142"}],"collection":[{"href":"https:\/\/otheroriginals.com\/index.php\/wp-json\/wp\/v2\/product"}],"about":[{"href":"https:\/\/otheroriginals.com\/index.php\/wp-json\/wp\/v2\/types\/product"}],"replies":[{"embeddable":true,"href":"https:\/\/otheroriginals.com\/index.php\/wp-json\/wp\/v2\/comments?post=7142"}],"wp:featuredmedia":[{"embeddable":true,"href":"https:\/\/otheroriginals.com\/index.php\/wp-json\/wp\/v2\/media\/7143"}],"wp:attachment":[{"href":"https:\/\/otheroriginals.com\/index.php\/wp-json\/wp\/v2\/media?parent=7142"}],"wp:term":[{"taxonomy":"product_cat","embeddable":true,"href":"https:\/\/otheroriginals.com\/index.php\/wp-json\/wp\/v2\/product_cat?post=7142"},{"taxonomy":"product_tag","embeddable":true,"href":"https:\/\/otheroriginals.com\/index.php\/wp-json\/wp\/v2\/product_tag?post=7142"}],"curies":[{"name":"wp","href":"https:\/\/api.w.org\/{rel}","templated":true}]}}