{"id":7152,"date":"2021-06-20T15:47:44","date_gmt":"2021-06-20T15:47:44","guid":{"rendered":"https:\/\/petitapetit.co\/?post_type=product&amp;p=7152"},"modified":"2021-06-20T15:47:44","modified_gmt":"2021-06-20T15:47:44","slug":"little-pocket-kiremit-turuncu","status":"publish","type":"product","link":"https:\/\/otheroriginals.com\/index.php\/product\/little-pocket-kiremit-turuncu\/","title":{"rendered":"Little Pocket (Kiremit Turuncu)"},"content":{"rendered":"","protected":false},"excerpt":{"rendered":"<p>Little pocket (K\u00fc\u00e7\u00fck cep) anlam\u0131na gelen yeni \u00fcr\u00fcn\u00fcm\u00fcz, b\u00fcy\u00fck boy cep telefonu ve kredi kart\u0131 gibi cep ihtiyac\u0131n\u0131z\u0131 g\u00f6rebilecek, boynunuza takabilece\u011finiz hands-free \u00e7antam\u0131z.<\/p>\n<p>Ana G\u00f6vde: Vegan deri<\/p>\n<p>En: 15 cm<\/p>\n<p>Boy: 18 cm<\/p>\n<p>Sap Uzunlu\u011fu : 92 cm<\/p>\n","protected":false},"featured_media":7157,"comment_status":"closed","ping_status":"closed","template":"","meta":{"om_disable_all_campaigns":false,"_mi_skip_tracking":false,"_monsterinsights_sitenote_active":false,"_monsterinsights_sitenote_note":"","_monsterinsights_sitenote_category":0},"product_cat":[39,41],"product_tag":[29,31,36,37,49,56],"aioseo_notices":[],"_links":{"self":[{"href":"https:\/\/otheroriginals.com\/index.php\/wp-json\/wp\/v2\/product\/7152"}],"collection":[{"href":"https:\/\/otheroriginals.com\/index.php\/wp-json\/wp\/v2\/product"}],"about":[{"href":"https:\/\/otheroriginals.com\/index.php\/wp-json\/wp\/v2\/types\/product"}],"replies":[{"embeddable":true,"href":"https:\/\/otheroriginals.com\/index.php\/wp-json\/wp\/v2\/comments?post=7152"}],"wp:featuredmedia":[{"embeddable":true,"href":"https:\/\/otheroriginals.com\/index.php\/wp-json\/wp\/v2\/media\/7157"}],"wp:attachment":[{"href":"https:\/\/otheroriginals.com\/index.php\/wp-json\/wp\/v2\/media?parent=7152"}],"wp:term":[{"taxonomy":"product_cat","embeddable":true,"href":"https:\/\/otheroriginals.com\/index.php\/wp-json\/wp\/v2\/product_cat?post=7152"},{"taxonomy":"product_tag","embeddable":true,"href":"https:\/\/otheroriginals.com\/index.php\/wp-json\/wp\/v2\/product_tag?post=7152"}],"curies":[{"name":"wp","href":"https:\/\/api.w.org\/{rel}","templated":true}]}}